{"id":123,"date":"2025-05-26T14:47:15","date_gmt":"2025-05-26T12:47:15","guid":{"rendered":"https:\/\/brianautoclean.fr\/?page_id=123"},"modified":"2025-07-12T18:21:50","modified_gmt":"2025-07-12T16:21:50","slug":"interieur","status":"publish","type":"page","link":"https:\/\/brianautoclean.fr\/?page_id=123","title":{"rendered":"V\u00e9hicule Int\u00e9rieur"},"content":{"rendered":"\t\t<div data-elementor-type=\"wp-page\" data-elementor-id=\"123\" class=\"elementor elementor-123\">\n\t\t\t\t<div class=\"elementor-element elementor-element-ef7cb0b e-flex e-con-boxed e-con e-parent\" data-id=\"ef7cb0b\" data-element_type=\"container\" data-e-type=\"container\">\n\t\t\t\t\t<div class=\"e-con-inner\">\n\t\t\t\t<div class=\"elementor-element elementor-element-734063a elementor-widget elementor-widget-heading\" data-id=\"734063a\" data-element_type=\"widget\" data-e-type=\"widget\" data-widget_type=\"heading.default\">\n\t\t\t\t<div class=\"elementor-widget-container\">\n\t\t\t\t\t<h2 class=\"elementor-heading-title elementor-size-default\">Grille tarifaire nettoyage interieur<\/h2>\t\t\t\t<\/div>\n\t\t\t\t<\/div>\n\t\t\t\t<div class=\"elementor-element elementor-element-321cb94 elementor-widget elementor-widget-image\" data-id=\"321cb94\" data-element_type=\"widget\" data-e-type=\"widget\" data-widget_type=\"image.default\">\n\t\t\t\t<div class=\"elementor-widget-container\">\n\t\t\t\t\t\t\t\t\t\t\t\t\t\t\t<img fetchpriority=\"high\" decoding=\"async\" width=\"1024\" height=\"1024\" src=\"https:\/\/brianautoclean.fr\/wp-content\/uploads\/2025\/06\/Tarifs_int.png\" class=\"attachment-large size-large wp-image-212\" alt=\"\" srcset=\"https:\/\/brianautoclean.fr\/wp-content\/uploads\/2025\/06\/Tarifs_int.png 1024w, https:\/\/brianautoclean.fr\/wp-content\/uploads\/2025\/06\/Tarifs_int-300x300.png 300w, https:\/\/brianautoclean.fr\/wp-content\/uploads\/2025\/06\/Tarifs_int-150x150.png 150w, https:\/\/brianautoclean.fr\/wp-content\/uploads\/2025\/06\/Tarifs_int-768x768.png 768w\" sizes=\"(max-width: 1024px) 100vw, 1024px\" \/>\t\t\t\t\t\t\t\t\t\t\t\t\t\t\t<\/div>\n\t\t\t\t<\/div>\n\t\t\t\t<div class=\"elementor-element elementor-element-7595ec7 elementor-widget elementor-widget-text-editor\" data-id=\"7595ec7\" data-element_type=\"widget\" data-e-type=\"widget\" data-widget_type=\"text-editor.default\">\n\t\t\t\t<div class=\"elementor-widget-container\">\n\t\t\t\t\t\t\t\t\t<p>* Les 10 premiers kilom\u00e8tres au d\u00e9part de la Mairie de Tignieu-Jameyzieu sont offerts. Au-del\u00e0, une facturation de\u00a00,70 \u20ac par kilom\u00e8tre suppl\u00e9mentaire sera appliqu\u00e9.<\/p><p>** Suppl\u00e9ment poils de chien : 15\u20ac<\/p><p>*** V\u00e9hicule extr\u00eamement sale : suppl\u00e9ment \u00e0 d\u00e9finir en pr\u00e9sence du client devant le v\u00e9hicule.<\/p>\t\t\t\t\t\t\t\t<\/div>\n\t\t\t\t<\/div>\n\t\t\t\t<div class=\"elementor-element elementor-element-90caab2 elementor-widget elementor-widget-google_maps\" data-id=\"90caab2\" data-element_type=\"widget\" data-e-type=\"widget\" data-widget_type=\"google_maps.default\">\n\t\t\t\t<div class=\"elementor-widget-container\">\n\t\t\t\t\t\t\t<div class=\"elementor-custom-embed\">\n\t\t\t<iframe loading=\"lazy\"\n\t\t\t\t\tsrc=\"https:\/\/maps.google.com\/maps?q=tignieu%20jameyzieu&#038;t=m&#038;z=11&#038;output=embed&#038;iwloc=near\"\n\t\t\t\t\ttitle=\"tignieu jameyzieu\"\n\t\t\t\t\taria-label=\"tignieu jameyzieu\"\n\t\t\t><\/iframe>\n\t\t<\/div>\n\t\t\t\t\t\t<\/div>\n\t\t\t\t<\/div>\n\t\t\t\t\t<\/div>\n\t\t\t\t<\/div>\n\t\t\t\t<\/div>\n\t\t","protected":false},"excerpt":{"rendered":"<p>Grille tarifaire nettoyage interieur * Les 10 premiers kilom\u00e8tres au d\u00e9part de la Mairie de Tignieu-Jameyzieu sont offerts. Au-del\u00e0, une facturation de\u00a00,70 \u20ac par kilom\u00e8tre suppl\u00e9mentaire sera appliqu\u00e9. ** Suppl\u00e9ment poils de chien : 15\u20ac *** V\u00e9hicule extr\u00eamement sale : suppl\u00e9ment \u00e0 d\u00e9finir en pr\u00e9sence du client devant le v\u00e9hicule.<\/p>\n","protected":false},"author":1,"featured_media":0,"parent":0,"menu_order":0,"comment_status":"closed","ping_status":"closed","template":"","meta":{"footnotes":""},"class_list":["post-123","page","type-page","status-publish","hentry"],"_links":{"self":[{"href":"https:\/\/brianautoclean.fr\/index.php?rest_route=\/wp\/v2\/pages\/123","targetHints":{"allow":["GET"]}}],"collection":[{"href":"https:\/\/brianautoclean.fr\/index.php?rest_route=\/wp\/v2\/pages"}],"about":[{"href":"https:\/\/brianautoclean.fr\/index.php?rest_route=\/wp\/v2\/types\/page"}],"author":[{"embeddable":true,"href":"https:\/\/brianautoclean.fr\/index.php?rest_route=\/wp\/v2\/users\/1"}],"replies":[{"embeddable":true,"href":"https:\/\/brianautoclean.fr\/index.php?rest_route=%2Fwp%2Fv2%2Fcomments&post=123"}],"version-history":[{"count":24,"href":"https:\/\/brianautoclean.fr\/index.php?rest_route=\/wp\/v2\/pages\/123\/revisions"}],"predecessor-version":[{"id":304,"href":"https:\/\/brianautoclean.fr\/index.php?rest_route=\/wp\/v2\/pages\/123\/revisions\/304"}],"wp:attachment":[{"href":"https:\/\/brianautoclean.fr\/index.php?rest_route=%2Fwp%2Fv2%2Fmedia&parent=123"}],"curies":[{"name":"wp","href":"https:\/\/api.w.org\/{rel}","templated":true}]}}