{"id":125,"date":"2025-05-26T14:47:31","date_gmt":"2025-05-26T12:47:31","guid":{"rendered":"https:\/\/brianautoclean.fr\/?page_id=125"},"modified":"2025-07-12T18:21:57","modified_gmt":"2025-07-12T16:21:57","slug":"exterieur","status":"publish","type":"page","link":"https:\/\/brianautoclean.fr\/?page_id=125","title":{"rendered":"V\u00e9hicule Ext\u00e9rieur"},"content":{"rendered":"\t\t<div data-elementor-type=\"wp-page\" data-elementor-id=\"125\" class=\"elementor elementor-125\">\n\t\t\t\t<div class=\"elementor-element elementor-element-7ad4fd7 e-flex e-con-boxed e-con e-parent\" data-id=\"7ad4fd7\" data-element_type=\"container\" data-e-type=\"container\">\n\t\t\t\t\t<div class=\"e-con-inner\">\n\t\t\t\t<div class=\"elementor-element elementor-element-b6992b8 elementor-widget elementor-widget-heading\" data-id=\"b6992b8\" data-element_type=\"widget\" data-e-type=\"widget\" data-widget_type=\"heading.default\">\n\t\t\t\t<div class=\"elementor-widget-container\">\n\t\t\t\t\t<h2 class=\"elementor-heading-title elementor-size-default\"><h2 data-elementor-setting-key=\"title\" data-pen-placeholder=\"\u00c9crivez ici...\" style=\"font-family: Roboto, sans-serif;font-weight: 600;text-transform: none;font-style: normal\">Grille tarifaire nettoyage ext\u00e9rieur<span style=\"font-family: Roboto, sans-serif;font-style: inherit;text-transform: inherit\"><\/span><\/h2><\/h2>\t\t\t\t<\/div>\n\t\t\t\t<\/div>\n\t\t\t\t<div class=\"elementor-element elementor-element-c854630 elementor-widget elementor-widget-image\" data-id=\"c854630\" data-element_type=\"widget\" data-e-type=\"widget\" data-widget_type=\"image.default\">\n\t\t\t\t<div class=\"elementor-widget-container\">\n\t\t\t\t\t\t\t\t\t\t\t\t\t\t\t<img fetchpriority=\"high\" decoding=\"async\" width=\"1024\" height=\"1024\" src=\"https:\/\/brianautoclean.fr\/wp-content\/uploads\/2025\/06\/Tarifs_ext.png\" class=\"attachment-large size-large wp-image-226\" alt=\"\" srcset=\"https:\/\/brianautoclean.fr\/wp-content\/uploads\/2025\/06\/Tarifs_ext.png 1024w, https:\/\/brianautoclean.fr\/wp-content\/uploads\/2025\/06\/Tarifs_ext-300x300.png 300w, https:\/\/brianautoclean.fr\/wp-content\/uploads\/2025\/06\/Tarifs_ext-150x150.png 150w, https:\/\/brianautoclean.fr\/wp-content\/uploads\/2025\/06\/Tarifs_ext-768x768.png 768w\" sizes=\"(max-width: 1024px) 100vw, 1024px\" \/>\t\t\t\t\t\t\t\t\t\t\t\t\t\t\t<\/div>\n\t\t\t\t<\/div>\n\t\t\t\t<div class=\"elementor-element elementor-element-80f1325 elementor-widget elementor-widget-text-editor\" data-id=\"80f1325\" data-element_type=\"widget\" data-e-type=\"widget\" data-widget_type=\"text-editor.default\">\n\t\t\t\t<div class=\"elementor-widget-container\">\n\t\t\t\t\t\t\t\t\t<p>* Les 10 premiers kilom\u00e8tres au d\u00e9part de la Mairie de Tignieu-Jameyzieu sont offerts. Au-del\u00e0, une facturation de\u00a00,70 \u20ac par kilom\u00e8tre suppl\u00e9mentaire sera appliqu\u00e9.<\/p><p>** V\u00e9hicule extr\u00eamement sale : suppl\u00e9ment \u00e0 d\u00e9finir en pr\u00e9sence du client devant le v\u00e9hicule.<\/p>\t\t\t\t\t\t\t\t<\/div>\n\t\t\t\t<\/div>\n\t\t\t\t<div class=\"elementor-element elementor-element-648f8d2 elementor-widget elementor-widget-google_maps\" data-id=\"648f8d2\" data-element_type=\"widget\" data-e-type=\"widget\" data-widget_type=\"google_maps.default\">\n\t\t\t\t<div class=\"elementor-widget-container\">\n\t\t\t\t\t\t\t<div class=\"elementor-custom-embed\">\n\t\t\t<iframe loading=\"lazy\"\n\t\t\t\t\tsrc=\"https:\/\/maps.google.com\/maps?q=tignieu%20jameyzieu&#038;t=m&#038;z=11&#038;output=embed&#038;iwloc=near\"\n\t\t\t\t\ttitle=\"tignieu jameyzieu\"\n\t\t\t\t\taria-label=\"tignieu jameyzieu\"\n\t\t\t><\/iframe>\n\t\t<\/div>\n\t\t\t\t\t\t<\/div>\n\t\t\t\t<\/div>\n\t\t\t\t\t<\/div>\n\t\t\t\t<\/div>\n\t\t\t\t<\/div>\n\t\t","protected":false},"excerpt":{"rendered":"<p>Grille tarifaire nettoyage ext\u00e9rieur * Les 10 premiers kilom\u00e8tres au d\u00e9part de la Mairie de Tignieu-Jameyzieu sont offerts. Au-del\u00e0, une facturation de\u00a00,70 \u20ac par kilom\u00e8tre suppl\u00e9mentaire sera appliqu\u00e9. ** V\u00e9hicule extr\u00eamement sale : suppl\u00e9ment \u00e0 d\u00e9finir en pr\u00e9sence du client devant le v\u00e9hicule.<\/p>\n","protected":false},"author":1,"featured_media":0,"parent":0,"menu_order":0,"comment_status":"closed","ping_status":"closed","template":"","meta":{"footnotes":""},"class_list":["post-125","page","type-page","status-publish","hentry"],"_links":{"self":[{"href":"https:\/\/brianautoclean.fr\/index.php?rest_route=\/wp\/v2\/pages\/125","targetHints":{"allow":["GET"]}}],"collection":[{"href":"https:\/\/brianautoclean.fr\/index.php?rest_route=\/wp\/v2\/pages"}],"about":[{"href":"https:\/\/brianautoclean.fr\/index.php?rest_route=\/wp\/v2\/types\/page"}],"author":[{"embeddable":true,"href":"https:\/\/brianautoclean.fr\/index.php?rest_route=\/wp\/v2\/users\/1"}],"replies":[{"embeddable":true,"href":"https:\/\/brianautoclean.fr\/index.php?rest_route=%2Fwp%2Fv2%2Fcomments&post=125"}],"version-history":[{"count":23,"href":"https:\/\/brianautoclean.fr\/index.php?rest_route=\/wp\/v2\/pages\/125\/revisions"}],"predecessor-version":[{"id":305,"href":"https:\/\/brianautoclean.fr\/index.php?rest_route=\/wp\/v2\/pages\/125\/revisions\/305"}],"wp:attachment":[{"href":"https:\/\/brianautoclean.fr\/index.php?rest_route=%2Fwp%2Fv2%2Fmedia&parent=125"}],"curies":[{"name":"wp","href":"https:\/\/api.w.org\/{rel}","templated":true}]}}