{"id":258,"date":"2025-06-22T21:32:03","date_gmt":"2025-06-22T19:32:03","guid":{"rendered":"https:\/\/brianautoclean.fr\/?page_id=258"},"modified":"2025-06-22T21:43:12","modified_gmt":"2025-06-22T19:43:12","slug":"utilitaire","status":"publish","type":"page","link":"https:\/\/brianautoclean.fr\/?page_id=258","title":{"rendered":"Utilitaire"},"content":{"rendered":"\t\t<div data-elementor-type=\"wp-page\" data-elementor-id=\"258\" class=\"elementor elementor-258\">\n\t\t\t\t<div class=\"elementor-element elementor-element-caa5478 e-flex e-con-boxed e-con e-parent\" data-id=\"caa5478\" data-element_type=\"container\" data-e-type=\"container\">\n\t\t\t\t\t<div class=\"e-con-inner\">\n\t\t\t\t<div class=\"elementor-element elementor-element-26f24b7 elementor-widget elementor-widget-heading\" data-id=\"26f24b7\" data-element_type=\"widget\" data-e-type=\"widget\" data-widget_type=\"heading.default\">\n\t\t\t\t<div class=\"elementor-widget-container\">\n\t\t\t\t\t<h2 class=\"elementor-heading-title elementor-size-default\"><div data-id=\"734063a\" data-element_type=\"widget\" data-widget_type=\"heading.default\" style=\"margin-bottom: 0px;align-self: auto;flex: 0 1 auto;align-items: normal;flex-flow: row;gap: 20px;--widgets-spacing: 20px 20px;--widgets-spacing-row: 20px;--widgets-spacing-column: 20px;--kit-widget-spacing: 0px;max-width: 100%;font-size: 15px\"><div style=\"height: 32px\"><h2 style=\"font-family: Roboto, sans-serif\"><span style=\"font-weight: 600\">Grille tarifaire <\/span>utilitaire nettoyage int\u00e9rieur<\/h2><div style=\"font-weight: 400\"><span style=\"font-family: Roboto, sans-serif;font-size: 32px;font-style: inherit;font-weight: 600;text-transform: inherit\"><\/span><\/div><\/div><\/div><\/h2>\t\t\t\t<\/div>\n\t\t\t\t<\/div>\n\t\t\t\t\t<\/div>\n\t\t\t\t<\/div>\n\t\t<div class=\"elementor-element elementor-element-b154eba e-flex e-con-boxed e-con e-parent\" data-id=\"b154eba\" data-element_type=\"container\" data-e-type=\"container\">\n\t\t\t\t\t<div class=\"e-con-inner\">\n\t\t\t\t<div class=\"elementor-element elementor-element-4ee607f elementor-widget elementor-widget-image\" data-id=\"4ee607f\" data-element_type=\"widget\" data-e-type=\"widget\" data-widget_type=\"image.default\">\n\t\t\t\t<div class=\"elementor-widget-container\">\n\t\t\t\t\t\t\t\t\t\t\t\t\t\t\t<img fetchpriority=\"high\" decoding=\"async\" width=\"1024\" height=\"1024\" src=\"https:\/\/brianautoclean.fr\/wp-content\/uploads\/2025\/06\/Tarifs_int_utilitaire.png\" class=\"attachment-large size-large wp-image-262\" alt=\"\" srcset=\"https:\/\/brianautoclean.fr\/wp-content\/uploads\/2025\/06\/Tarifs_int_utilitaire.png 1024w, https:\/\/brianautoclean.fr\/wp-content\/uploads\/2025\/06\/Tarifs_int_utilitaire-300x300.png 300w, https:\/\/brianautoclean.fr\/wp-content\/uploads\/2025\/06\/Tarifs_int_utilitaire-150x150.png 150w, https:\/\/brianautoclean.fr\/wp-content\/uploads\/2025\/06\/Tarifs_int_utilitaire-768x768.png 768w\" sizes=\"(max-width: 1024px) 100vw, 1024px\" \/>\t\t\t\t\t\t\t\t\t\t\t\t\t\t\t<\/div>\n\t\t\t\t<\/div>\n\t\t\t\t\t<\/div>\n\t\t\t\t<\/div>\n\t\t<div class=\"elementor-element elementor-element-d883041 e-flex e-con-boxed e-con e-parent\" data-id=\"d883041\" data-element_type=\"container\" data-e-type=\"container\">\n\t\t\t\t\t<div class=\"e-con-inner\">\n\t\t\t\t<div class=\"elementor-element elementor-element-16ccaa4 elementor-widget elementor-widget-heading\" data-id=\"16ccaa4\" data-element_type=\"widget\" data-e-type=\"widget\" data-widget_type=\"heading.default\">\n\t\t\t\t<div class=\"elementor-widget-container\">\n\t\t\t\t\t<h2 class=\"elementor-heading-title elementor-size-default\"><h2 data-elementor-setting-key=\"title\" data-pen-placeholder=\"\u00c9crivez ici...\" style=\"font-family: Roboto, sans-serif;font-weight: 600;text-transform: none;font-style: normal\"><div data-id=\"734063a\" data-element_type=\"widget\" data-widget_type=\"heading.default\" style=\"align-self: auto;flex: 0 1 auto;align-items: normal;flex-flow: row;gap: 20px;--widgets-spacing: 20px 20px;--widgets-spacing-row: 20px;--widgets-spacing-column: 20px;--kit-widget-spacing: 0px;max-width: 100%;font-size: 15px\"><div style=\"height: 32px\"><h2 style=\"font-family: Roboto, sans-serif\">Grille tarifaire&nbsp;utilitaire nettoyage ext\u00e9rieur<\/h2><div><span style=\"font-family: Roboto, sans-serif;font-size: 32px;font-style: inherit;text-transform: inherit\"><\/span><\/div><\/div><\/div><\/h2><\/h2>\t\t\t\t<\/div>\n\t\t\t\t<\/div>\n\t\t\t\t\t<\/div>\n\t\t\t\t<\/div>\n\t\t<div class=\"elementor-element elementor-element-431c32a e-flex e-con-boxed e-con e-parent\" data-id=\"431c32a\" data-element_type=\"container\" data-e-type=\"container\">\n\t\t\t\t\t<div class=\"e-con-inner\">\n\t\t\t\t<div class=\"elementor-element elementor-element-dca1596 elementor-widget elementor-widget-image\" data-id=\"dca1596\" data-element_type=\"widget\" data-e-type=\"widget\" data-widget_type=\"image.default\">\n\t\t\t\t<div class=\"elementor-widget-container\">\n\t\t\t\t\t\t\t\t\t\t\t\t\t\t\t<img decoding=\"async\" width=\"995\" height=\"995\" src=\"https:\/\/brianautoclean.fr\/wp-content\/uploads\/2025\/06\/Tarifs_ext_utilitaire-e1769868918479.png\" class=\"attachment-large size-large wp-image-264\" alt=\"\" \/>\t\t\t\t\t\t\t\t\t\t\t\t\t\t\t<\/div>\n\t\t\t\t<\/div>\n\t\t\t\t\t<\/div>\n\t\t\t\t<\/div>\n\t\t<div class=\"elementor-element elementor-element-2a7a8ae e-flex e-con-boxed e-con e-parent\" data-id=\"2a7a8ae\" data-element_type=\"container\" data-e-type=\"container\">\n\t\t\t\t\t<div class=\"e-con-inner\">\n\t\t\t\t<div class=\"elementor-element elementor-element-ce587e1 elementor-widget elementor-widget-text-editor\" data-id=\"ce587e1\" data-element_type=\"widget\" data-e-type=\"widget\" data-widget_type=\"text-editor.default\">\n\t\t\t\t<div class=\"elementor-widget-container\">\n\t\t\t\t\t\t\t\t\t<p>* Les 10 premiers kilom\u00e8tres au d\u00e9part de la Mairie de Tignieu-Jameyzieu sont offerts. Au-del\u00e0, une facturation de\u00a00,70 \u20ac par kilom\u00e8tre suppl\u00e9mentaire sera appliqu\u00e9.<\/p><p>** Suppl\u00e9ment poils de chien : 15\u20ac<\/p><p>*** V\u00e9hicule extr\u00eamement sale : suppl\u00e9ment \u00e0 d\u00e9finir en pr\u00e9sence du client devant le v\u00e9hicule.<\/p>\t\t\t\t\t\t\t\t<\/div>\n\t\t\t\t<\/div>\n\t\t\t\t\t<\/div>\n\t\t\t\t<\/div>\n\t\t<div class=\"elementor-element elementor-element-e84856e e-flex e-con-boxed e-con e-parent\" data-id=\"e84856e\" data-element_type=\"container\" data-e-type=\"container\">\n\t\t\t\t\t<div class=\"e-con-inner\">\n\t\t\t\t<div class=\"elementor-element elementor-element-0e2ea73 elementor-widget elementor-widget-google_maps\" data-id=\"0e2ea73\" data-element_type=\"widget\" data-e-type=\"widget\" data-widget_type=\"google_maps.default\">\n\t\t\t\t<div class=\"elementor-widget-container\">\n\t\t\t\t\t\t\t<div class=\"elementor-custom-embed\">\n\t\t\t<iframe loading=\"lazy\"\n\t\t\t\t\tsrc=\"https:\/\/maps.google.com\/maps?q=Tignieu&#038;t=m&#038;z=11&#038;output=embed&#038;iwloc=near\"\n\t\t\t\t\ttitle=\"Tignieu\"\n\t\t\t\t\taria-label=\"Tignieu\"\n\t\t\t><\/iframe>\n\t\t<\/div>\n\t\t\t\t\t\t<\/div>\n\t\t\t\t<\/div>\n\t\t\t\t\t<\/div>\n\t\t\t\t<\/div>\n\t\t\t\t<\/div>\n\t\t","protected":false},"excerpt":{"rendered":"<p>Grille tarifaire utilitaire nettoyage int\u00e9rieur Grille tarifaire&nbsp;utilitaire nettoyage ext\u00e9rieur * Les 10 premiers kilom\u00e8tres au d\u00e9part de la Mairie de Tignieu-Jameyzieu sont offerts. Au-del\u00e0, une facturation de\u00a00,70 \u20ac par kilom\u00e8tre suppl\u00e9mentaire sera appliqu\u00e9. ** Suppl\u00e9ment poils de chien : 15\u20ac *** V\u00e9hicule extr\u00eamement sale : suppl\u00e9ment \u00e0 d\u00e9finir en pr\u00e9sence du client devant le v\u00e9hicule.<\/p>\n","protected":false},"author":1,"featured_media":0,"parent":0,"menu_order":0,"comment_status":"closed","ping_status":"closed","template":"","meta":{"footnotes":""},"class_list":["post-258","page","type-page","status-publish","hentry"],"_links":{"self":[{"href":"https:\/\/brianautoclean.fr\/index.php?rest_route=\/wp\/v2\/pages\/258","targetHints":{"allow":["GET"]}}],"collection":[{"href":"https:\/\/brianautoclean.fr\/index.php?rest_route=\/wp\/v2\/pages"}],"about":[{"href":"https:\/\/brianautoclean.fr\/index.php?rest_route=\/wp\/v2\/types\/page"}],"author":[{"embeddable":true,"href":"https:\/\/brianautoclean.fr\/index.php?rest_route=\/wp\/v2\/users\/1"}],"replies":[{"embeddable":true,"href":"https:\/\/brianautoclean.fr\/index.php?rest_route=%2Fwp%2Fv2%2Fcomments&post=258"}],"version-history":[{"count":7,"href":"https:\/\/brianautoclean.fr\/index.php?rest_route=\/wp\/v2\/pages\/258\/revisions"}],"predecessor-version":[{"id":278,"href":"https:\/\/brianautoclean.fr\/index.php?rest_route=\/wp\/v2\/pages\/258\/revisions\/278"}],"wp:attachment":[{"href":"https:\/\/brianautoclean.fr\/index.php?rest_route=%2Fwp%2Fv2%2Fmedia&parent=258"}],"curies":[{"name":"wp","href":"https:\/\/api.w.org\/{rel}","templated":true}]}}