{"id":49,"date":"2025-05-19T14:57:06","date_gmt":"2025-05-19T12:57:06","guid":{"rendered":"http:\/\/brianautoclean.fr\/?page_id=49"},"modified":"2025-05-20T10:16:52","modified_gmt":"2025-05-20T08:16:52","slug":"a-propos","status":"publish","type":"page","link":"https:\/\/brianautoclean.fr\/?page_id=49","title":{"rendered":"A propos"},"content":{"rendered":"\t\t<div data-elementor-type=\"wp-page\" data-elementor-id=\"49\" class=\"elementor elementor-49\">\n\t\t\t\t<div class=\"elementor-element elementor-element-7acca4a e-flex e-con-boxed e-con e-parent\" data-id=\"7acca4a\" data-element_type=\"container\" data-e-type=\"container\">\n\t\t\t\t\t<div class=\"e-con-inner\">\n\t\t\t\t<div class=\"elementor-element elementor-element-8f29005 elementor-widget elementor-widget-heading\" data-id=\"8f29005\" data-element_type=\"widget\" data-e-type=\"widget\" data-widget_type=\"heading.default\">\n\t\t\t\t<div class=\"elementor-widget-container\">\n\t\t\t\t\t<h2 class=\"elementor-heading-title elementor-size-default\">Pr\u00e9sentation de la soci\u00e9t\u00e9<\/h2>\t\t\t\t<\/div>\n\t\t\t\t<\/div>\n\t\t\t\t<div class=\"elementor-element elementor-element-27cecf6 elementor-widget elementor-widget-text-editor\" data-id=\"27cecf6\" data-element_type=\"widget\" data-e-type=\"widget\" data-widget_type=\"text-editor.default\">\n\t\t\t\t<div class=\"elementor-widget-container\">\n\t\t\t\t\t\t\t\t\t<p>Je m&rsquo;appelle Brian et j&rsquo;ai 28 ans.\u00a0 Etant motard, je suis passionn\u00e9 par les motos et les jolie voitures.<\/p><p>J&rsquo;ai le soucis du travail bien fait.<\/p><p>Bas\u00e9 sur Tignieu Jameyzieu dans le (38), je vous propose un service de qualit\u00e9 pour un nettoyage de votre v\u00e9hicule interieur ou exterieur ou les deux &#8230;.<\/p><p>\u00a0<\/p><p>Je porte mes valeurs sur :<\/p><p>&#8211; Le Professionnalisme : Etre \u00e0 l&rsquo;\u00e9coute du client et \u00eatre ponctuel \u00e0 chaque rdv.<\/p><p>&#8211; La Qualit\u00e9 de la prestation : J&rsquo;offre une prestation de service de qualit\u00e9 avec des produits de qualit\u00e9 et de marque fran\u00e7aise.<\/p><p>&#8211; La Flexibilit\u00e9 : Une intervention dans l&rsquo;Is\u00e8re et l&rsquo;Est-Lyonnais.\u00a0<\/p><p>\u00a0<\/p><p>Motiv\u00e9, rigoureux, et consciencieux dans mon travail, je vous propose des prestations de qualit\u00e9.<\/p><p>Je serais \u00e0 votre \u00e9coute pour toutes demandes ou questions.<\/p><p>\u00a0<\/p><p>En parall\u00e8le de cette activit\u00e9, je suis \u00e9galement AUTO ENTREPRENEUR dans la P\u00e2tisserie et la Cuisine.<\/p><p>Etant dipl\u00f4m\u00e9, j&rsquo;ai un petit faible pour la p\u00e2tisserie !!!!<\/p><p>J&rsquo;offre \u00e0 mes clients une parenth\u00e8se gourmande lors d&rsquo;un repas ou lors d&rsquo;une d\u00e9gustation culinaire.<\/p><p>Etant passionn\u00e9, je partage mes recettes et mes prestations sur mes r\u00e9seaux sociaux avec une communaut\u00e9 tr\u00e8s curieuse.<\/p>\t\t\t\t\t\t\t\t<\/div>\n\t\t\t\t<\/div>\n\t\t\t\t\t<\/div>\n\t\t\t\t<\/div>\n\t\t\t\t<\/div>\n\t\t","protected":false},"excerpt":{"rendered":"<p>Pr\u00e9sentation de la soci\u00e9t\u00e9 Je m&rsquo;appelle Brian et j&rsquo;ai 28 ans.\u00a0 Etant motard, je suis passionn\u00e9 par les motos et les jolie voitures. J&rsquo;ai le soucis du travail bien fait. Bas\u00e9 sur Tignieu Jameyzieu dans le (38), je vous propose un service de qualit\u00e9 pour un nettoyage de votre v\u00e9hicule interieur ou exterieur ou les [&hellip;]<\/p>\n","protected":false},"author":1,"featured_media":0,"parent":0,"menu_order":0,"comment_status":"closed","ping_status":"closed","template":"","meta":{"footnotes":""},"class_list":["post-49","page","type-page","status-publish","hentry"],"_links":{"self":[{"href":"https:\/\/brianautoclean.fr\/index.php?rest_route=\/wp\/v2\/pages\/49","targetHints":{"allow":["GET"]}}],"collection":[{"href":"https:\/\/brianautoclean.fr\/index.php?rest_route=\/wp\/v2\/pages"}],"about":[{"href":"https:\/\/brianautoclean.fr\/index.php?rest_route=\/wp\/v2\/types\/page"}],"author":[{"embeddable":true,"href":"https:\/\/brianautoclean.fr\/index.php?rest_route=\/wp\/v2\/users\/1"}],"replies":[{"embeddable":true,"href":"https:\/\/brianautoclean.fr\/index.php?rest_route=%2Fwp%2Fv2%2Fcomments&post=49"}],"version-history":[{"count":22,"href":"https:\/\/brianautoclean.fr\/index.php?rest_route=\/wp\/v2\/pages\/49\/revisions"}],"predecessor-version":[{"id":81,"href":"https:\/\/brianautoclean.fr\/index.php?rest_route=\/wp\/v2\/pages\/49\/revisions\/81"}],"wp:attachment":[{"href":"https:\/\/brianautoclean.fr\/index.php?rest_route=%2Fwp%2Fv2%2Fmedia&parent=49"}],"curies":[{"name":"wp","href":"https:\/\/api.w.org\/{rel}","templated":true}]}}