{"id":458,"date":"2025-08-09T18:09:36","date_gmt":"2025-08-09T16:09:36","guid":{"rendered":"https:\/\/brianautoclean.fr\/?post_type=product&#038;p=458"},"modified":"2025-08-09T18:11:33","modified_gmt":"2025-08-09T16:11:33","slug":"hyundai-i30","status":"publish","type":"product","link":"https:\/\/brianautoclean.fr\/?product=hyundai-i30","title":{"rendered":"Hyundai i30"},"content":{"rendered":"","protected":false},"excerpt":{"rendered":"<p>Redonnez \u00e9clat et fra\u00eecheur \u00e0 l\u2019habitacle de votre Hyundai i30 avec un nettoyage int\u00e9rieur complet et des finitions soign\u00e9es.<\/p>\n","protected":false},"featured_media":450,"template":"","meta":[],"product_brand":[],"product_cat":[22,21],"product_tag":[],"class_list":{"0":"post-458","1":"product","2":"type-product","3":"status-publish","4":"has-post-thumbnail","6":"product_cat-interieur","7":"product_cat-interieur-exterieur","9":"first","10":"instock","11":"shipping-taxable","12":"product-type-simple"},"_links":{"self":[{"href":"https:\/\/brianautoclean.fr\/index.php?rest_route=\/wp\/v2\/product\/458","targetHints":{"allow":["GET"]}}],"collection":[{"href":"https:\/\/brianautoclean.fr\/index.php?rest_route=\/wp\/v2\/product"}],"about":[{"href":"https:\/\/brianautoclean.fr\/index.php?rest_route=\/wp\/v2\/types\/product"}],"wp:featuredmedia":[{"embeddable":true,"href":"https:\/\/brianautoclean.fr\/index.php?rest_route=\/wp\/v2\/media\/450"}],"wp:attachment":[{"href":"https:\/\/brianautoclean.fr\/index.php?rest_route=%2Fwp%2Fv2%2Fmedia&parent=458"}],"wp:term":[{"taxonomy":"product_brand","embeddable":true,"href":"https:\/\/brianautoclean.fr\/index.php?rest_route=%2Fwp%2Fv2%2Fproduct_brand&post=458"},{"taxonomy":"product_cat","embeddable":true,"href":"https:\/\/brianautoclean.fr\/index.php?rest_route=%2Fwp%2Fv2%2Fproduct_cat&post=458"},{"taxonomy":"product_tag","embeddable":true,"href":"https:\/\/brianautoclean.fr\/index.php?rest_route=%2Fwp%2Fv2%2Fproduct_tag&post=458"}],"curies":[{"name":"wp","href":"https:\/\/api.w.org\/{rel}","templated":true}]}}